{"id":13522,"date":"2020-01-22T09:40:32","date_gmt":"2020-01-22T08:40:32","guid":{"rendered":"https:\/\/mygrin-garden.com\/regolamento\/"},"modified":"2022-03-29T14:57:56","modified_gmt":"2022-03-29T12:57:56","slug":"verordnung","status":"publish","type":"page","link":"https:\/\/mygrin-garden.com\/de\/verordnung\/","title":{"rendered":"Verordnung"},"content":{"rendered":"\n\n\t<h2>M\u00f6chten Sie einen <strong>KOSTENLOSEN  <\/strong> Abdecktuch f\u00fcr Rasenm\u00e4her?<\/h2>\n\t<p>Senden Sie uns die Bilder Ihres mit GRIN gepflegten Gartens und beantworten Sie ein paar Fragen. <a href=\"https:\/\/mygrin-garden.com\/de\/teilnehmen\/\">Klicken Sie hier <\/a><\/p>\n<p><strong><i>Beeilen Sie sich! <\/i><\/strong>Das Geschenk ist f\u00fcr die <strong> ersten 100<\/strong> Teilnehmer reserviert, die das richtige Material senden<\/p>\n\t\t\t<a href=\"https:\/\/mygrin-garden.com\/de\/teilnehmen\/\" target=\"_self\" role=\"button\" rel=\"noopener\">\n\t\t\t\t\t\t\tSENDEN SIE DIE BILDER IHRES GARTENS\n\t\t\t\t\t<\/a>\n\t\t\t\t<img loading=\"lazy\" decoding=\"async\" src=\"https:\/\/mygrin-garden.com\/wp-content\/uploads\/2022\/03\/telo-copertura-tagliaerba-2.jpg\" alt=\"telo-copertura-tagliaerba-2\" itemprop=\"image\" height=\"752\" width=\"1000\" title=\"telo-copertura-tagliaerba-2\" onerror=\"this.style.display='none'\"  \/>\n<h2>\n\t\tREGELN UND ANWEISUNGEN\n\t<\/h2>\n\t<ul>\n<li>Senden Sie min. 3 max. 6 Fotos eines Gartens, der der Person geh\u00f6rt, die das Foto einsendet.<\/li>\n<li>Die Bilder m\u00fcssen in JPG. Format sein &gt; Die Bilder d\u00fcrfen nicht senkrecht oder viereckig sein<\/li>\n<li>Die Bilder d\u00fcrfen keine Personen oder vertrauliche Informationen einhalten (z.B. Nummernschilder, genaue Adresse, usw.)<\/li>\n<li>Um teilzunehmen muss man das Formular richtig ausf\u00fcllen<\/li>\n<li>Mit der Zusendung der Bilder erteilen Sie GRIN srl die Genehmigung, sie und die entsprechenden Anmerkungen sowohl auf dieser Webseite als auch auf der offiziellen GRIN Webseite und den sozialen Netzwerken der Unternehmen zu ver\u00f6ffentlichen.<\/li>\n<li>Keine genaue Adressen werden ver\u00f6ffentlicht nur den Ort.<\/li>\n<li>GRIN srl beh\u00e4lt sich das Recht vor, die Bilder und die Anmerkungen auszuw\u00e4hlen, die im Hinblick auf Form, Qualit\u00e4t, Inhalte und technische Aspekte nicht geeignet sind.<\/li>\n<li>GRIN srl beh\u00e4lt sich das Recht vor, das Geschenk nicht zu liefern, wenn die Bilder und die Angaben nicht geeignet sind.<\/li>\n<\/ul>\n\n","protected":false},"excerpt":{"rendered":"<p>M\u00f6chten Sie einen KOSTENLOSEN Abdecktuch f\u00fcr Rasenm\u00e4her? Senden Sie uns die Bilder Ihres mit GRIN gepflegten Gartens und beantworten Sie ein paar Fragen. Klicken Sie hier Beeilen Sie sich! Das Geschenk ist f\u00fcr die ersten 100 Teilnehmer reserviert, die das richtige Material senden SENDEN SIE DIE BILDER IHRES GARTENS REGELN UND ANWEISUNGEN Senden Sie min. [&hellip;]<\/p>\n","protected":false},"author":1,"featured_media":0,"parent":0,"menu_order":0,"comment_status":"closed","ping_status":"closed","template":"","meta":{"site-sidebar-layout":"default","site-content-layout":"page-builder","ast-site-content-layout":"","site-content-style":"default","site-sidebar-style":"default","ast-global-header-display":"","ast-banner-title-visibility":"","ast-main-header-display":"","ast-hfb-above-header-display":"","ast-hfb-below-header-display":"","ast-hfb-mobile-header-display":"","site-post-title":"disabled","ast-breadcrumbs-content":"","ast-featured-img":"disabled","footer-sml-layout":"","theme-transparent-header-meta":"default","adv-header-id-meta":"","stick-header-meta":"default","header-above-stick-meta":"","header-main-stick-meta":"","header-below-stick-meta":"","astra-migrate-meta-layouts":"default","ast-page-background-enabled":"default","ast-page-background-meta":{"desktop":{"background-color":"var(--ast-global-color-4)","background-image":"","background-repeat":"repeat","background-position":"center center","background-size":"auto","background-attachment":"scroll","background-type":"","background-media":"","overlay-type":"","overlay-color":"","overlay-opacity":"","overlay-gradient":""},"tablet":{"background-color":"","background-image":"","background-repeat":"repeat","background-position":"center center","background-size":"auto","background-attachment":"scroll","background-type":"","background-media":"","overlay-type":"","overlay-color":"","overlay-opacity":"","overlay-gradient":""},"mobile":{"background-color":"","background-image":"","background-repeat":"repeat","background-position":"center center","background-size":"auto","background-attachment":"scroll","background-type":"","background-media":"","overlay-type":"","overlay-color":"","overlay-opacity":"","overlay-gradient":""}},"ast-content-background-meta":{"desktop":{"background-color":"var(--ast-global-color-5)","background-image":"","background-repeat":"repeat","background-position":"center center","background-size":"auto","background-attachment":"scroll","background-type":"","background-media":"","overlay-type":"","overlay-color":"","overlay-opacity":"","overlay-gradient":""},"tablet":{"background-color":"var(--ast-global-color-5)","background-image":"","background-repeat":"repeat","background-position":"center center","background-size":"auto","background-attachment":"scroll","background-type":"","background-media":"","overlay-type":"","overlay-color":"","overlay-opacity":"","overlay-gradient":""},"mobile":{"background-color":"var(--ast-global-color-5)","background-image":"","background-repeat":"repeat","background-position":"center center","background-size":"auto","background-attachment":"scroll","background-type":"","background-media":"","overlay-type":"","overlay-color":"","overlay-opacity":"","overlay-gradient":""}},"footnotes":""},"class_list":["post-13522","page","type-page","status-publish","hentry"],"acf":[],"yoast_head":"<!-- This site is optimized with the Yoast SEO plugin v25.2 - https:\/\/yoast.com\/wordpress\/plugins\/seo\/ -->\n<title>Verordnung | Mygrin Garden<\/title>\n<meta name=\"robots\" content=\"index, follow, max-snippet:-1, max-image-preview:large, max-video-preview:-1\" \/>\n<link rel=\"canonical\" href=\"https:\/\/mygrin-garden.com\/de\/verordnung\/\" \/>\n<meta property=\"og:locale\" content=\"de_DE\" \/>\n<meta property=\"og:type\" content=\"article\" \/>\n<meta property=\"og:title\" content=\"Verordnung | Mygrin Garden\" \/>\n<meta property=\"og:description\" content=\"M\u00f6chten Sie einen KOSTENLOSEN Abdecktuch f\u00fcr Rasenm\u00e4her? Senden Sie uns die Bilder Ihres mit GRIN gepflegten Gartens und beantworten Sie ein paar Fragen. Klicken Sie hier Beeilen Sie sich! Das Geschenk ist f\u00fcr die ersten 100 Teilnehmer reserviert, die das richtige Material senden SENDEN SIE DIE BILDER IHRES GARTENS REGELN UND ANWEISUNGEN Senden Sie min. [&hellip;]\" \/>\n<meta property=\"og:url\" content=\"https:\/\/mygrin-garden.com\/de\/verordnung\/\" \/>\n<meta property=\"og:site_name\" content=\"Mygrin Garden\" \/>\n<meta property=\"article:modified_time\" content=\"2022-03-29T12:57:56+00:00\" \/>\n<meta property=\"og:image\" content=\"https:\/\/mygrin-garden.com\/wp-content\/uploads\/2022\/03\/telo-copertura-tagliaerba-2.jpg\" \/>\n<meta name=\"twitter:card\" content=\"summary_large_image\" \/>\n<meta name=\"twitter:label1\" content=\"Gesch\u00e4tzte Lesezeit\" \/>\n\t<meta name=\"twitter:data1\" content=\"2\u00a0Minuten\" \/>\n<script type=\"application\/ld+json\" class=\"yoast-schema-graph\">{\"@context\":\"https:\/\/schema.org\",\"@graph\":[{\"@type\":\"WebPage\",\"@id\":\"https:\/\/mygrin-garden.com\/de\/verordnung\/\",\"url\":\"https:\/\/mygrin-garden.com\/de\/verordnung\/\",\"name\":\"Verordnung | Mygrin Garden\",\"isPartOf\":{\"@id\":\"https:\/\/mygrin-garden.com\/#website\"},\"primaryImageOfPage\":{\"@id\":\"https:\/\/mygrin-garden.com\/de\/verordnung\/#primaryimage\"},\"image\":{\"@id\":\"https:\/\/mygrin-garden.com\/de\/verordnung\/#primaryimage\"},\"thumbnailUrl\":\"https:\/\/mygrin-garden.com\/wp-content\/uploads\/2022\/03\/telo-copertura-tagliaerba-2.jpg\",\"datePublished\":\"2020-01-22T08:40:32+00:00\",\"dateModified\":\"2022-03-29T12:57:56+00:00\",\"breadcrumb\":{\"@id\":\"https:\/\/mygrin-garden.com\/de\/verordnung\/#breadcrumb\"},\"inLanguage\":\"de\",\"potentialAction\":[{\"@type\":\"ReadAction\",\"target\":[\"https:\/\/mygrin-garden.com\/de\/verordnung\/\"]}]},{\"@type\":\"ImageObject\",\"inLanguage\":\"de\",\"@id\":\"https:\/\/mygrin-garden.com\/de\/verordnung\/#primaryimage\",\"url\":\"https:\/\/mygrin-garden.com\/wp-content\/uploads\/2022\/03\/telo-copertura-tagliaerba-2.jpg\",\"contentUrl\":\"https:\/\/mygrin-garden.com\/wp-content\/uploads\/2022\/03\/telo-copertura-tagliaerba-2.jpg\"},{\"@type\":\"BreadcrumbList\",\"@id\":\"https:\/\/mygrin-garden.com\/de\/verordnung\/#breadcrumb\",\"itemListElement\":[{\"@type\":\"ListItem\",\"position\":1,\"name\":\"Home\",\"item\":\"https:\/\/mygrin-garden.com\/de\/\"},{\"@type\":\"ListItem\",\"position\":2,\"name\":\"Verordnung\"}]},{\"@type\":\"WebSite\",\"@id\":\"https:\/\/mygrin-garden.com\/#website\",\"url\":\"https:\/\/mygrin-garden.com\/\",\"name\":\"Mygrin Garden\",\"description\":\"Tagliaerba da giardino e attrezzature da giardinaggio\",\"publisher\":{\"@id\":\"https:\/\/mygrin-garden.com\/#organization\"},\"potentialAction\":[{\"@type\":\"SearchAction\",\"target\":{\"@type\":\"EntryPoint\",\"urlTemplate\":\"https:\/\/mygrin-garden.com\/?s={search_term_string}\"},\"query-input\":{\"@type\":\"PropertyValueSpecification\",\"valueRequired\":true,\"valueName\":\"search_term_string\"}}],\"inLanguage\":\"de\"},{\"@type\":\"Organization\",\"@id\":\"https:\/\/mygrin-garden.com\/#organization\",\"name\":\"My Grin Garden\",\"url\":\"https:\/\/mygrin-garden.com\/\",\"logo\":{\"@type\":\"ImageObject\",\"inLanguage\":\"de\",\"@id\":\"https:\/\/mygrin-garden.com\/#\/schema\/logo\/image\/\",\"url\":\"https:\/\/mygrin-garden.com\/wp-content\/uploads\/2020\/01\/Risorsa-19@2x.png\",\"contentUrl\":\"https:\/\/mygrin-garden.com\/wp-content\/uploads\/2020\/01\/Risorsa-19@2x.png\",\"width\":568,\"height\":170,\"caption\":\"My Grin Garden\"},\"image\":{\"@id\":\"https:\/\/mygrin-garden.com\/#\/schema\/logo\/image\/\"}}]}<\/script>\n<!-- \/ Yoast SEO plugin. -->","yoast_head_json":{"title":"Verordnung | Mygrin Garden","robots":{"index":"index","follow":"follow","max-snippet":"max-snippet:-1","max-image-preview":"max-image-preview:large","max-video-preview":"max-video-preview:-1"},"canonical":"https:\/\/mygrin-garden.com\/de\/verordnung\/","og_locale":"de_DE","og_type":"article","og_title":"Verordnung | Mygrin Garden","og_description":"M\u00f6chten Sie einen KOSTENLOSEN Abdecktuch f\u00fcr Rasenm\u00e4her? Senden Sie uns die Bilder Ihres mit GRIN gepflegten Gartens und beantworten Sie ein paar Fragen. Klicken Sie hier Beeilen Sie sich! Das Geschenk ist f\u00fcr die ersten 100 Teilnehmer reserviert, die das richtige Material senden SENDEN SIE DIE BILDER IHRES GARTENS REGELN UND ANWEISUNGEN Senden Sie min. [&hellip;]","og_url":"https:\/\/mygrin-garden.com\/de\/verordnung\/","og_site_name":"Mygrin Garden","article_modified_time":"2022-03-29T12:57:56+00:00","og_image":[{"url":"https:\/\/mygrin-garden.com\/wp-content\/uploads\/2022\/03\/telo-copertura-tagliaerba-2.jpg","type":"","width":"","height":""}],"twitter_card":"summary_large_image","twitter_misc":{"Gesch\u00e4tzte Lesezeit":"2\u00a0Minuten"},"schema":{"@context":"https:\/\/schema.org","@graph":[{"@type":"WebPage","@id":"https:\/\/mygrin-garden.com\/de\/verordnung\/","url":"https:\/\/mygrin-garden.com\/de\/verordnung\/","name":"Verordnung | Mygrin Garden","isPartOf":{"@id":"https:\/\/mygrin-garden.com\/#website"},"primaryImageOfPage":{"@id":"https:\/\/mygrin-garden.com\/de\/verordnung\/#primaryimage"},"image":{"@id":"https:\/\/mygrin-garden.com\/de\/verordnung\/#primaryimage"},"thumbnailUrl":"https:\/\/mygrin-garden.com\/wp-content\/uploads\/2022\/03\/telo-copertura-tagliaerba-2.jpg","datePublished":"2020-01-22T08:40:32+00:00","dateModified":"2022-03-29T12:57:56+00:00","breadcrumb":{"@id":"https:\/\/mygrin-garden.com\/de\/verordnung\/#breadcrumb"},"inLanguage":"de","potentialAction":[{"@type":"ReadAction","target":["https:\/\/mygrin-garden.com\/de\/verordnung\/"]}]},{"@type":"ImageObject","inLanguage":"de","@id":"https:\/\/mygrin-garden.com\/de\/verordnung\/#primaryimage","url":"https:\/\/mygrin-garden.com\/wp-content\/uploads\/2022\/03\/telo-copertura-tagliaerba-2.jpg","contentUrl":"https:\/\/mygrin-garden.com\/wp-content\/uploads\/2022\/03\/telo-copertura-tagliaerba-2.jpg"},{"@type":"BreadcrumbList","@id":"https:\/\/mygrin-garden.com\/de\/verordnung\/#breadcrumb","itemListElement":[{"@type":"ListItem","position":1,"name":"Home","item":"https:\/\/mygrin-garden.com\/de\/"},{"@type":"ListItem","position":2,"name":"Verordnung"}]},{"@type":"WebSite","@id":"https:\/\/mygrin-garden.com\/#website","url":"https:\/\/mygrin-garden.com\/","name":"Mygrin Garden","description":"Tagliaerba da giardino e attrezzature da giardinaggio","publisher":{"@id":"https:\/\/mygrin-garden.com\/#organization"},"potentialAction":[{"@type":"SearchAction","target":{"@type":"EntryPoint","urlTemplate":"https:\/\/mygrin-garden.com\/?s={search_term_string}"},"query-input":{"@type":"PropertyValueSpecification","valueRequired":true,"valueName":"search_term_string"}}],"inLanguage":"de"},{"@type":"Organization","@id":"https:\/\/mygrin-garden.com\/#organization","name":"My Grin Garden","url":"https:\/\/mygrin-garden.com\/","logo":{"@type":"ImageObject","inLanguage":"de","@id":"https:\/\/mygrin-garden.com\/#\/schema\/logo\/image\/","url":"https:\/\/mygrin-garden.com\/wp-content\/uploads\/2020\/01\/Risorsa-19@2x.png","contentUrl":"https:\/\/mygrin-garden.com\/wp-content\/uploads\/2020\/01\/Risorsa-19@2x.png","width":568,"height":170,"caption":"My Grin Garden"},"image":{"@id":"https:\/\/mygrin-garden.com\/#\/schema\/logo\/image\/"}}]}},"_links":{"self":[{"href":"https:\/\/mygrin-garden.com\/de\/wp-json\/wp\/v2\/pages\/13522","targetHints":{"allow":["GET"]}}],"collection":[{"href":"https:\/\/mygrin-garden.com\/de\/wp-json\/wp\/v2\/pages"}],"about":[{"href":"https:\/\/mygrin-garden.com\/de\/wp-json\/wp\/v2\/types\/page"}],"author":[{"embeddable":true,"href":"https:\/\/mygrin-garden.com\/de\/wp-json\/wp\/v2\/users\/1"}],"replies":[{"embeddable":true,"href":"https:\/\/mygrin-garden.com\/de\/wp-json\/wp\/v2\/comments?post=13522"}],"version-history":[{"count":0,"href":"https:\/\/mygrin-garden.com\/de\/wp-json\/wp\/v2\/pages\/13522\/revisions"}],"wp:attachment":[{"href":"https:\/\/mygrin-garden.com\/de\/wp-json\/wp\/v2\/media?parent=13522"}],"curies":[{"name":"wp","href":"https:\/\/api.w.org\/{rel}","templated":true}]}}