{"id":13217,"date":"2022-03-18T16:34:06","date_gmt":"2022-03-18T15:34:06","guid":{"rendered":"https:\/\/mygrin-garden.com\/?page_id=13217"},"modified":"2022-03-18T18:08:01","modified_gmt":"2022-03-18T17:08:01","slug":"reglement","status":"publish","type":"page","link":"https:\/\/mygrin-garden.com\/fr\/reglement\/","title":{"rendered":"R\u00e8glement"},"content":{"rendered":"\r\n\r\n\t<h2>Souhaitez-vous recevoir une housse pour tondeuse <strong>offerte <\/strong>?<\/h2>\r\n\t<p>Envoyez-nous les photos de votre jardin tondu \u00e0 l&rsquo;aide d&rsquo;une tondeuse GRIN et r\u00e9pondez \u00e0 quelques questions, <a href=\"\/partecipa\/\">en cliquant ici.<\/a><\/p>\r\n<p><strong><i>D\u00e9p\u00eachez-vous ! <\/i><\/strong> La housse offerte est r\u00e9serv\u00e9e aux <strong> 100 premiers<\/strong> usagers qui nous envoient le mat\u00e9riel comme indiqu\u00e9 par notre r\u00e8glement<\/p>\r\n\t\t\t<a href=\"\/fr\/participez\/\" target=\"_self\" role=\"button\" rel=\"noopener\">\r\n\t\t\t\t\t\t\tEnvoyez des photos de votre jardin\r\n\t\t\t\t\t<\/a>\r\n\t\t\t\t<img loading=\"lazy\" decoding=\"async\" src=\"https:\/\/mygrin-garden.com\/wp-content\/uploads\/2022\/03\/telo-copertura-tagliaerba-2.jpg\" alt=\"telo-copertura-tagliaerba-2\" itemprop=\"image\" height=\"752\" width=\"1000\" title=\"telo-copertura-tagliaerba-2\" onerror=\"this.style.display='none'\"  \/>\r\n<h2>\r\n\t\tR\u00c8GLEMENT ET INSTRUCTIONS:\r\n\t<\/h2>\r\n\t<ul>\r\n<li>envoyer entre 3 et 6 photos d&rsquo;un jardin de propri\u00e9t\u00e9 de la personne qui envoie la photo<\/li>\r\n<li>les photos doivent \u00eatre envoy\u00e9es au format jpg<\/li>\r\n<li>les photos ne peuvent pas \u00eatre en format paysage ou carr\u00e9es<\/li>\r\n<li>les photos ne doivent pas repr\u00e9senter de personnes physiques ou informations r\u00e9serv\u00e9es (p. ex. plaques d&rsquo;immatriculation, adresses pr\u00e9cises, etc.)<\/li>\r\n<li>pour participer, il est n\u00e9cessaire de remplir correctement tous les champs du formulaire<\/li>\r\n<li>en envoyant vos photos, vous fournissez \u00e0 GRIN srl l&rsquo;autorisation \u00e0 les publier y compris les notes rajout\u00e9es sur ce site et sur le site institutionnel GRIN ainsi que sur les r\u00e9seaux sociaux de l&rsquo;entreprise<\/li>\r\n<li>les adresses pr\u00e9cises ne seront pas publi\u00e9es, uniquement la ville sera affich\u00e9e<\/li>\r\n<li>GRIN srl se r\u00e9serve le droit de refuser les photos et les textes qui ne remplissent pas les pr\u00e9requis en termes de taille, qualit\u00e9, contenus et aspects techniques.<\/li>\r\n<li>En outre, GRIN srl se r\u00e9serve le droit de ne pas fournir le produit offert si les photos et les textes re\u00e7us ne remplissent pas les pr\u00e9requis.<\/li>\r\n\r\n<\/ul>\r\n\r\n","protected":false},"excerpt":{"rendered":"<p>Souhaitez-vous recevoir une housse pour tondeuse offerte ? Envoyez-nous les photos de votre jardin tondu \u00e0 l&rsquo;aide d&rsquo;une tondeuse GRIN et r\u00e9pondez \u00e0 quelques questions, en cliquant ici. D\u00e9p\u00eachez-vous ! La housse offerte est r\u00e9serv\u00e9e aux 100 premiers usagers qui nous envoient le mat\u00e9riel comme indiqu\u00e9 par notre r\u00e8glement Envoyez des photos de votre jardin [&hellip;]<\/p>\n","protected":false},"author":1,"featured_media":0,"parent":0,"menu_order":0,"comment_status":"closed","ping_status":"closed","template":"","meta":{"site-sidebar-layout":"default","site-content-layout":"page-builder","ast-site-content-layout":"","site-content-style":"default","site-sidebar-style":"default","ast-global-header-display":"","ast-banner-title-visibility":"","ast-main-header-display":"","ast-hfb-above-header-display":"","ast-hfb-below-header-display":"","ast-hfb-mobile-header-display":"","site-post-title":"disabled","ast-breadcrumbs-content":"","ast-featured-img":"disabled","footer-sml-layout":"","theme-transparent-header-meta":"default","adv-header-id-meta":"","stick-header-meta":"default","header-above-stick-meta":"","header-main-stick-meta":"","header-below-stick-meta":"","astra-migrate-meta-layouts":"default","ast-page-background-enabled":"default","ast-page-background-meta":{"desktop":{"background-color":"var(--ast-global-color-4)","background-image":"","background-repeat":"repeat","background-position":"center center","background-size":"auto","background-attachment":"scroll","background-type":"","background-media":"","overlay-type":"","overlay-color":"","overlay-opacity":"","overlay-gradient":""},"tablet":{"background-color":"","background-image":"","background-repeat":"repeat","background-position":"center center","background-size":"auto","background-attachment":"scroll","background-type":"","background-media":"","overlay-type":"","overlay-color":"","overlay-opacity":"","overlay-gradient":""},"mobile":{"background-color":"","background-image":"","background-repeat":"repeat","background-position":"center center","background-size":"auto","background-attachment":"scroll","background-type":"","background-media":"","overlay-type":"","overlay-color":"","overlay-opacity":"","overlay-gradient":""}},"ast-content-background-meta":{"desktop":{"background-color":"var(--ast-global-color-5)","background-image":"","background-repeat":"repeat","background-position":"center center","background-size":"auto","background-attachment":"scroll","background-type":"","background-media":"","overlay-type":"","overlay-color":"","overlay-opacity":"","overlay-gradient":""},"tablet":{"background-color":"var(--ast-global-color-5)","background-image":"","background-repeat":"repeat","background-position":"center center","background-size":"auto","background-attachment":"scroll","background-type":"","background-media":"","overlay-type":"","overlay-color":"","overlay-opacity":"","overlay-gradient":""},"mobile":{"background-color":"var(--ast-global-color-5)","background-image":"","background-repeat":"repeat","background-position":"center center","background-size":"auto","background-attachment":"scroll","background-type":"","background-media":"","overlay-type":"","overlay-color":"","overlay-opacity":"","overlay-gradient":""}},"footnotes":""},"class_list":["post-13217","page","type-page","status-publish","hentry"],"acf":[],"yoast_head":"<!-- This site is optimized with the Yoast SEO plugin v25.2 - https:\/\/yoast.com\/wordpress\/plugins\/seo\/ -->\n<title>R\u00e8glement | Mygrin Garden<\/title>\n<meta name=\"robots\" content=\"index, follow, max-snippet:-1, max-image-preview:large, max-video-preview:-1\" \/>\n<link rel=\"canonical\" href=\"https:\/\/mygrin-garden.com\/fr\/reglement\/\" \/>\n<meta property=\"og:locale\" content=\"fr_FR\" \/>\n<meta property=\"og:type\" content=\"article\" \/>\n<meta property=\"og:title\" content=\"R\u00e8glement | Mygrin Garden\" \/>\n<meta property=\"og:description\" content=\"Souhaitez-vous recevoir une housse pour tondeuse offerte ? Envoyez-nous les photos de votre jardin tondu \u00e0 l&rsquo;aide d&rsquo;une tondeuse GRIN et r\u00e9pondez \u00e0 quelques questions, en cliquant ici. D\u00e9p\u00eachez-vous ! La housse offerte est r\u00e9serv\u00e9e aux 100 premiers usagers qui nous envoient le mat\u00e9riel comme indiqu\u00e9 par notre r\u00e8glement Envoyez des photos de votre jardin [&hellip;]\" \/>\n<meta property=\"og:url\" content=\"https:\/\/mygrin-garden.com\/fr\/reglement\/\" \/>\n<meta property=\"og:site_name\" content=\"Mygrin Garden\" \/>\n<meta property=\"article:modified_time\" content=\"2022-03-18T17:08:01+00:00\" \/>\n<meta property=\"og:image\" content=\"https:\/\/mygrin-garden.com\/wp-content\/uploads\/2022\/03\/telo-copertura-tagliaerba-2.jpg\" \/>\n<meta name=\"twitter:card\" content=\"summary_large_image\" \/>\n<meta name=\"twitter:label1\" content=\"Dur\u00e9e de lecture estim\u00e9e\" \/>\n\t<meta name=\"twitter:data1\" content=\"2 minutes\" \/>\n<script type=\"application\/ld+json\" class=\"yoast-schema-graph\">{\"@context\":\"https:\/\/schema.org\",\"@graph\":[{\"@type\":\"WebPage\",\"@id\":\"https:\/\/mygrin-garden.com\/fr\/reglement\/\",\"url\":\"https:\/\/mygrin-garden.com\/fr\/reglement\/\",\"name\":\"R\u00e8glement | Mygrin Garden\",\"isPartOf\":{\"@id\":\"https:\/\/mygrin-garden.com\/#website\"},\"primaryImageOfPage\":{\"@id\":\"https:\/\/mygrin-garden.com\/fr\/reglement\/#primaryimage\"},\"image\":{\"@id\":\"https:\/\/mygrin-garden.com\/fr\/reglement\/#primaryimage\"},\"thumbnailUrl\":\"https:\/\/mygrin-garden.com\/wp-content\/uploads\/2022\/03\/telo-copertura-tagliaerba-2.jpg\",\"datePublished\":\"2022-03-18T15:34:06+00:00\",\"dateModified\":\"2022-03-18T17:08:01+00:00\",\"breadcrumb\":{\"@id\":\"https:\/\/mygrin-garden.com\/fr\/reglement\/#breadcrumb\"},\"inLanguage\":\"fr-FR\",\"potentialAction\":[{\"@type\":\"ReadAction\",\"target\":[\"https:\/\/mygrin-garden.com\/fr\/reglement\/\"]}]},{\"@type\":\"ImageObject\",\"inLanguage\":\"fr-FR\",\"@id\":\"https:\/\/mygrin-garden.com\/fr\/reglement\/#primaryimage\",\"url\":\"https:\/\/mygrin-garden.com\/wp-content\/uploads\/2022\/03\/telo-copertura-tagliaerba-2.jpg\",\"contentUrl\":\"https:\/\/mygrin-garden.com\/wp-content\/uploads\/2022\/03\/telo-copertura-tagliaerba-2.jpg\"},{\"@type\":\"BreadcrumbList\",\"@id\":\"https:\/\/mygrin-garden.com\/fr\/reglement\/#breadcrumb\",\"itemListElement\":[{\"@type\":\"ListItem\",\"position\":1,\"name\":\"Home\",\"item\":\"https:\/\/mygrin-garden.com\/fr\/\"},{\"@type\":\"ListItem\",\"position\":2,\"name\":\"R\u00e8glement\"}]},{\"@type\":\"WebSite\",\"@id\":\"https:\/\/mygrin-garden.com\/#website\",\"url\":\"https:\/\/mygrin-garden.com\/\",\"name\":\"Mygrin Garden\",\"description\":\"Tagliaerba da giardino e attrezzature da giardinaggio\",\"publisher\":{\"@id\":\"https:\/\/mygrin-garden.com\/#organization\"},\"potentialAction\":[{\"@type\":\"SearchAction\",\"target\":{\"@type\":\"EntryPoint\",\"urlTemplate\":\"https:\/\/mygrin-garden.com\/?s={search_term_string}\"},\"query-input\":{\"@type\":\"PropertyValueSpecification\",\"valueRequired\":true,\"valueName\":\"search_term_string\"}}],\"inLanguage\":\"fr-FR\"},{\"@type\":\"Organization\",\"@id\":\"https:\/\/mygrin-garden.com\/#organization\",\"name\":\"My Grin Garden\",\"url\":\"https:\/\/mygrin-garden.com\/\",\"logo\":{\"@type\":\"ImageObject\",\"inLanguage\":\"fr-FR\",\"@id\":\"https:\/\/mygrin-garden.com\/#\/schema\/logo\/image\/\",\"url\":\"https:\/\/mygrin-garden.com\/wp-content\/uploads\/2020\/01\/Risorsa-19@2x.png\",\"contentUrl\":\"https:\/\/mygrin-garden.com\/wp-content\/uploads\/2020\/01\/Risorsa-19@2x.png\",\"width\":568,\"height\":170,\"caption\":\"My Grin Garden\"},\"image\":{\"@id\":\"https:\/\/mygrin-garden.com\/#\/schema\/logo\/image\/\"}}]}<\/script>\n<!-- \/ Yoast SEO plugin. -->","yoast_head_json":{"title":"R\u00e8glement | Mygrin Garden","robots":{"index":"index","follow":"follow","max-snippet":"max-snippet:-1","max-image-preview":"max-image-preview:large","max-video-preview":"max-video-preview:-1"},"canonical":"https:\/\/mygrin-garden.com\/fr\/reglement\/","og_locale":"fr_FR","og_type":"article","og_title":"R\u00e8glement | Mygrin Garden","og_description":"Souhaitez-vous recevoir une housse pour tondeuse offerte ? Envoyez-nous les photos de votre jardin tondu \u00e0 l&rsquo;aide d&rsquo;une tondeuse GRIN et r\u00e9pondez \u00e0 quelques questions, en cliquant ici. D\u00e9p\u00eachez-vous ! La housse offerte est r\u00e9serv\u00e9e aux 100 premiers usagers qui nous envoient le mat\u00e9riel comme indiqu\u00e9 par notre r\u00e8glement Envoyez des photos de votre jardin [&hellip;]","og_url":"https:\/\/mygrin-garden.com\/fr\/reglement\/","og_site_name":"Mygrin Garden","article_modified_time":"2022-03-18T17:08:01+00:00","og_image":[{"url":"https:\/\/mygrin-garden.com\/wp-content\/uploads\/2022\/03\/telo-copertura-tagliaerba-2.jpg","type":"","width":"","height":""}],"twitter_card":"summary_large_image","twitter_misc":{"Dur\u00e9e de lecture estim\u00e9e":"2 minutes"},"schema":{"@context":"https:\/\/schema.org","@graph":[{"@type":"WebPage","@id":"https:\/\/mygrin-garden.com\/fr\/reglement\/","url":"https:\/\/mygrin-garden.com\/fr\/reglement\/","name":"R\u00e8glement | Mygrin Garden","isPartOf":{"@id":"https:\/\/mygrin-garden.com\/#website"},"primaryImageOfPage":{"@id":"https:\/\/mygrin-garden.com\/fr\/reglement\/#primaryimage"},"image":{"@id":"https:\/\/mygrin-garden.com\/fr\/reglement\/#primaryimage"},"thumbnailUrl":"https:\/\/mygrin-garden.com\/wp-content\/uploads\/2022\/03\/telo-copertura-tagliaerba-2.jpg","datePublished":"2022-03-18T15:34:06+00:00","dateModified":"2022-03-18T17:08:01+00:00","breadcrumb":{"@id":"https:\/\/mygrin-garden.com\/fr\/reglement\/#breadcrumb"},"inLanguage":"fr-FR","potentialAction":[{"@type":"ReadAction","target":["https:\/\/mygrin-garden.com\/fr\/reglement\/"]}]},{"@type":"ImageObject","inLanguage":"fr-FR","@id":"https:\/\/mygrin-garden.com\/fr\/reglement\/#primaryimage","url":"https:\/\/mygrin-garden.com\/wp-content\/uploads\/2022\/03\/telo-copertura-tagliaerba-2.jpg","contentUrl":"https:\/\/mygrin-garden.com\/wp-content\/uploads\/2022\/03\/telo-copertura-tagliaerba-2.jpg"},{"@type":"BreadcrumbList","@id":"https:\/\/mygrin-garden.com\/fr\/reglement\/#breadcrumb","itemListElement":[{"@type":"ListItem","position":1,"name":"Home","item":"https:\/\/mygrin-garden.com\/fr\/"},{"@type":"ListItem","position":2,"name":"R\u00e8glement"}]},{"@type":"WebSite","@id":"https:\/\/mygrin-garden.com\/#website","url":"https:\/\/mygrin-garden.com\/","name":"Mygrin Garden","description":"Tagliaerba da giardino e attrezzature da giardinaggio","publisher":{"@id":"https:\/\/mygrin-garden.com\/#organization"},"potentialAction":[{"@type":"SearchAction","target":{"@type":"EntryPoint","urlTemplate":"https:\/\/mygrin-garden.com\/?s={search_term_string}"},"query-input":{"@type":"PropertyValueSpecification","valueRequired":true,"valueName":"search_term_string"}}],"inLanguage":"fr-FR"},{"@type":"Organization","@id":"https:\/\/mygrin-garden.com\/#organization","name":"My Grin Garden","url":"https:\/\/mygrin-garden.com\/","logo":{"@type":"ImageObject","inLanguage":"fr-FR","@id":"https:\/\/mygrin-garden.com\/#\/schema\/logo\/image\/","url":"https:\/\/mygrin-garden.com\/wp-content\/uploads\/2020\/01\/Risorsa-19@2x.png","contentUrl":"https:\/\/mygrin-garden.com\/wp-content\/uploads\/2020\/01\/Risorsa-19@2x.png","width":568,"height":170,"caption":"My Grin Garden"},"image":{"@id":"https:\/\/mygrin-garden.com\/#\/schema\/logo\/image\/"}}]}},"_links":{"self":[{"href":"https:\/\/mygrin-garden.com\/fr\/wp-json\/wp\/v2\/pages\/13217","targetHints":{"allow":["GET"]}}],"collection":[{"href":"https:\/\/mygrin-garden.com\/fr\/wp-json\/wp\/v2\/pages"}],"about":[{"href":"https:\/\/mygrin-garden.com\/fr\/wp-json\/wp\/v2\/types\/page"}],"author":[{"embeddable":true,"href":"https:\/\/mygrin-garden.com\/fr\/wp-json\/wp\/v2\/users\/1"}],"replies":[{"embeddable":true,"href":"https:\/\/mygrin-garden.com\/fr\/wp-json\/wp\/v2\/comments?post=13217"}],"version-history":[{"count":0,"href":"https:\/\/mygrin-garden.com\/fr\/wp-json\/wp\/v2\/pages\/13217\/revisions"}],"wp:attachment":[{"href":"https:\/\/mygrin-garden.com\/fr\/wp-json\/wp\/v2\/media?parent=13217"}],"curies":[{"name":"wp","href":"https:\/\/api.w.org\/{rel}","templated":true}]}}