{"id":13222,"date":"2022-03-18T16:47:33","date_gmt":"2022-03-18T15:47:33","guid":{"rendered":"https:\/\/mygrin-garden.com\/?page_id=13222"},"modified":"2022-03-18T16:53:59","modified_gmt":"2022-03-18T15:53:59","slug":"participez","status":"publish","type":"page","link":"https:\/\/mygrin-garden.com\/fr\/participez\/","title":{"rendered":"Participez"},"content":{"rendered":"\n\n\t<h3>\n\tPOUR PARTICIPER, REMPLISSEZ LE FORMULAIRE CI-DESSOUS\t<\/h3>\n\t\n \n<form action=\"\/fr\/?page_id=13222&#038;fl_builder#wpcf7-f2190-o1\" method=\"post\" novalidate=\"novalidate\" data-status=\"init\">\n<input type=\"hidden\" name=\"_wpcf7\" value=\"2190\" \/>\n<input type=\"hidden\" name=\"_wpcf7_version\" value=\"5.5.4\" \/>\n<input type=\"hidden\" name=\"_wpcf7_locale\" value=\"it_IT\" \/>\n<input type=\"hidden\" name=\"_wpcf7_unit_tag\" value=\"wpcf7-f2190-o1\" \/>\n<input type=\"hidden\" name=\"_wpcf7_container_post\" value=\"0\" \/>\n<input type=\"hidden\" name=\"_wpcf7_posted_data_hash\" value=\"\" \/>\n<input type=\"hidden\" name=\"_wpcf7cf_hidden_group_fields\" value=\"\" \/>\n<input type=\"hidden\" name=\"_wpcf7cf_hidden_groups\" value=\"\" \/>\n<input type=\"hidden\" name=\"_wpcf7cf_visible_groups\" value=\"\" \/>\n<input type=\"hidden\" name=\"_wpcf7cf_repeaters\" value=\"[]\" \/>\n<input type=\"hidden\" name=\"_wpcf7cf_steps\" value=\"{}\" \/>\n<input type=\"hidden\" name=\"_wpcf7cf_options\" value=\"{&quot;form_id&quot;:2190,&quot;conditions&quot;:[{&quot;then_field&quot;:&quot;group-423&quot;,&quot;and_rules&quot;:[{&quot;if_field&quot;:&quot;checkbox-558&quot;,&quot;operator&quot;:&quot;equals&quot;,&quot;if_value&quot;:&quot;Je Souhaite recevoir la housse u00e0 une adresse diffu00e9rente&quot;}]}],&quot;settings&quot;:{&quot;animation&quot;:&quot;yes&quot;,&quot;animation_intime&quot;:200,&quot;animation_outtime&quot;:200,&quot;conditions_ui&quot;:&quot;normal&quot;,&quot;notice_dismissed&quot;:false,&quot;notice_dismissed_rollback-cf7-5.3.2&quot;:true}}\" \/>\n<input type=\"hidden\" name=\"upload_dir\" value=\"tmp_uploads\" \/>\n<input type=\"hidden\" name=\"generate_name\" value=\"03-18-22-6234ab176fd70\" \/>\n<input type=\"hidden\" name=\"your_language\" value=\"fr\" \/>\n<input type=\"hidden\" name=\"tipoform\" value=\"contest\" \/>\n<input type=\"hidden\" name=\"privacy_nascosto\" value=\"1\" \/>\n<input type=\"hidden\" name=\"mailchimp-tag\" value=\"Newsletter_FR\" \/>\n<input type=\"hidden\" name=\"nazione\" value=\"fr\" \/>\n\n<label for=\"nome\">Pr\u00e9nom*<\/label><br \/>\n<input type=\"text\" name=\"nome\" value=\"\" size=\"40\" aria-required=\"true\" aria-invalid=\"false\" \/>\n\n\n<label for=\"cognome\">Nom*<\/label><br \/>\n<input type=\"text\" name=\"cognome\" value=\"\" size=\"40\" aria-required=\"true\" aria-invalid=\"false\" \/>\n\n\n<label for=\"indirizzo-mail\">E-mail*<\/label><br \/>\n<input type=\"email\" name=\"indirizzo_mail\" value=\"\" size=\"40\" aria-required=\"true\" aria-invalid=\"false\" \/>\n\n\n<label for=\"nr-telefono\">T\u00e9l\u00e9phone<\/label><br \/>\n<input type=\"tel\" name=\"nr_telefono_spedizione\" value=\"\" size=\"40\" aria-invalid=\"false\" \/>\n\n<h5>O\u00d9 SE TROUVE VOTRE JARDIN?<\/h5>\n\n<label for=\"comune\">D\u00e9partement*<\/label><br \/>\n<input type=\"text\" name=\"comune\" value=\"\" size=\"40\" aria-required=\"true\" aria-invalid=\"false\" \/>\n\n\n<label for=\"provincia\">Ville*<\/label><br \/>\n<input type=\"text\" name=\"provincia\" value=\"\" size=\"40\" aria-required=\"true\" aria-invalid=\"false\" \/>\n\n\n<label for=\"your-street\">Rue*<\/label><br \/>\n<input type=\"text\" name=\"indirizzo\" value=\"\" size=\"40\" aria-required=\"true\" aria-invalid=\"false\" \/>\n\n\n<label for=\"cap\">Code postal*<\/label><br \/>\n<input type=\"text\" name=\"cap\" value=\"\" size=\"40\" aria-required=\"true\" aria-invalid=\"false\" \/>\n\n<h5>EN UTILISANT GRIN<\/h5>\n\n<label for=\"size-mq\">Taille du jardin*<\/label><br \/>\n<input type=\"text\" name=\"dimensione_mq\" value=\"\" size=\"40\" aria-required=\"true\" aria-invalid=\"false\" \/>\n\n\n<label for=\"grin-model\">Mod\u00e8le GRIN utilis\u00e9*<\/label><br \/>\n<select name=\"menu_modello\" aria-required=\"true\" aria-invalid=\"false\"><option value=\"\">&#8212;<\/option><option value=\"BM37 82V\">BM37 82V<\/option><option value=\"BM46-82V\">BM46-82V<\/option><option value=\"BM46A-82V\">BM46A-82V<\/option><option value=\"EM37\">EM37<\/option><option value=\"HM37\">HM37<\/option><option value=\"HM46\">HM46<\/option><option value=\"HM46 INSTART\">HM46 INSTART<\/option><option value=\"HM46A\">HM46A<\/option><option value=\"HM46A INSTART\">HM46A INSTART<\/option><option value=\"HM53A\">HM53A<\/option><option value=\"HM53A INSTART\">HM53A INSTART<\/option><option value=\"PM46\">PM46<\/option><option value=\"PM46 PRO INSTART\">PM46 PRO INSTART<\/option><option value=\"PM53\">PM53<\/option><option value=\"PM53 PRO INSTART\">PM53 PRO INSTART<\/option><option value=\"SPM53\">SPM53<\/option><\/select>\n\n\n<label>Mon avis sur GRIN: *<\/label><br \/>\n<label><input type=\"radio\" name=\"valuto_grin\" value=\"1\" \/>1<\/label><label><input type=\"radio\" name=\"valuto_grin\" value=\"2\" \/>2<\/label><label><input type=\"radio\" name=\"valuto_grin\" value=\"3\" \/>3<\/label><label><input type=\"radio\" name=\"valuto_grin\" value=\"4\" \/>4<\/label><label><input type=\"radio\" name=\"valuto_grin\" value=\"5\" checked=\"checked\" \/>5<\/label>\n\n\n<label for=\"messaggio-grin\">J&rsquo;aime GRIN parce que*<\/label><br \/>\n<textarea name=\"messaggio_grin\" cols=\"40\" rows=\"10\" aria-required=\"true\" aria-invalid=\"false\"><\/textarea>\n\n<h5>T\u00c9L\u00c9CHARGER ENTRE 3 ET 6 PHOTOS<\/h5>\n<p><a href=\"https:\/\/mygrin-garden.com\/fr\/reglement\/\" target=\"_blank\" rel=\"noopener noreferrer\">en respectant le r\u00e8glement<\/a><\/p>\n\n<input type=\"file\" size=\"40\" aria-required=\"true\" aria-invalid=\"false\" multiple=\"multiple\" data-name=\"file\" data-type=\"jpeg|jpg|png\" data-limit=\"62914560\" data-max=\"6\" data-id=\"2190\" accept=\".jpeg, .jpg, .png\" \/>\n\n\n<label><input type=\"checkbox\" name=\"checkbox-558\" value=\"Je Souhaite recevoir la housse \u00e0 une adresse diff\u00e9rente\" \/>Je Souhaite recevoir la housse \u00e0 une adresse diff\u00e9rente<\/label>\n\n\n\n<label for=\"nome_spedizione\">Pr\u00e9nom*:<\/label><br \/>\n<input type=\"text\" name=\"nome_spedizione\" value=\"\" size=\"40\" aria-required=\"true\" aria-invalid=\"false\" \/>\n\n\n<label for=\"cognome_spedizione\">Nom*:<\/label><br \/>\n<input type=\"text\" name=\"cognome_spedizione\" value=\"\" size=\"40\" aria-required=\"true\" aria-invalid=\"false\" \/>\n\n\n<label for=\"comune_spedizione\">D\u00e9partement*:<\/label><br \/>\n<input type=\"text\" name=\"comune_spedizione\" value=\"\" size=\"40\" aria-required=\"true\" aria-invalid=\"false\" \/>\n\n\n<label for=\"provincia_spedizione\">Ville*:<\/label><br \/>\n<input type=\"text\" name=\"provincia_spedizione\" value=\"\" size=\"40\" aria-required=\"true\" aria-invalid=\"false\" \/>\n\n\n<label for=\"your-street\">Rue*<\/label><br \/>\n<input type=\"text\" name=\"indirizzo_spedizione\" value=\"\" size=\"40\" aria-required=\"true\" aria-invalid=\"false\" \/>\n\n\n<label for=\"cap\">Code postal*<\/label><br \/>\n<input type=\"text\" name=\"cap_spedizione\" value=\"\" size=\"40\" aria-required=\"true\" aria-invalid=\"false\" \/>\n\n\n\n<h5>PRIVACY<\/h5>\n<p>Consentez-vous \u00e0 l&rsquo;envoi de communications promotionnelles, marketing et Newsletter?<\/p>\n<p><label><input type=\"radio\" name=\"marketing\" value=\"J&#039;accepte\" \/>J&#039;accepte<\/label><label><input type=\"radio\" name=\"marketing\" value=\"Je n&#039;accepte pas\" \/>Je n&#039;accepte pas<\/label><\/p>\n<p>Autorisez-vous le profilage de vos donn\u00e9es afin de vous envoyer des communications qui correspondent mieux \u00e0 vos int\u00e9r\u00eats?<\/p>\n<p><label><input type=\"radio\" name=\"privacy\" value=\"J&#039;accepte\" \/>J&#039;accepte<\/label><label><input type=\"radio\" name=\"privacy\" value=\"Je n&#039;accepte pas\" \/>Je n&#039;accepte pas<\/label><\/p>\n<p> <strong>NOTE:<\/strong> En nous envoyant cette demande, vous autorisez le traitement des donn\u00e9es personnelles comme indiqu\u00e9 dans la <a href=\"https:\/\/mygrin.eu\/fr\/confidentialite\" target=\"_blank\" rel=\"noopener\">information sur la confidentialit\u00e9<\/a><\/p>\n\n\n<p><input type=\"submit\" value=\"ENVOYEZ\" \/><\/p>\n<\/form>\n\n","protected":false},"excerpt":{"rendered":"<p>POUR PARTICIPER, REMPLISSEZ LE FORMULAIRE CI-DESSOUS Pr\u00e9nom* Nom* E-mail* T\u00e9l\u00e9phone O\u00d9 SE TROUVE VOTRE JARDIN? D\u00e9partement* Ville* Rue* Code postal* EN UTILISANT GRIN Taille du jardin* Mod\u00e8le GRIN utilis\u00e9* &#8212;BM37 82VBM46-82VBM46A-82VEM37HM37HM46HM46 INSTARTHM46AHM46A INSTARTHM53AHM53A INSTARTPM46PM46 PRO INSTARTPM53PM53 PRO INSTARTSPM53 Mon avis sur GRIN: * 12345 J&rsquo;aime GRIN parce que* T\u00c9L\u00c9CHARGER ENTRE 3 ET 6 PHOTOS en [&hellip;]<\/p>\n","protected":false},"author":1,"featured_media":0,"parent":0,"menu_order":0,"comment_status":"closed","ping_status":"closed","template":"","meta":{"site-sidebar-layout":"no-sidebar","site-content-layout":"page-builder","ast-site-content-layout":"","site-content-style":"default","site-sidebar-style":"default","ast-global-header-display":"","ast-banner-title-visibility":"","ast-main-header-display":"","ast-hfb-above-header-display":"","ast-hfb-below-header-display":"","ast-hfb-mobile-header-display":"","site-post-title":"disabled","ast-breadcrumbs-content":"","ast-featured-img":"disabled","footer-sml-layout":"","theme-transparent-header-meta":"default","adv-header-id-meta":"","stick-header-meta":"default","header-above-stick-meta":"","header-main-stick-meta":"","header-below-stick-meta":"","astra-migrate-meta-layouts":"default","ast-page-background-enabled":"default","ast-page-background-meta":{"desktop":{"background-color":"var(--ast-global-color-4)","background-image":"","background-repeat":"repeat","background-position":"center center","background-size":"auto","background-attachment":"scroll","background-type":"","background-media":"","overlay-type":"","overlay-color":"","overlay-opacity":"","overlay-gradient":""},"tablet":{"background-color":"","background-image":"","background-repeat":"repeat","background-position":"center center","background-size":"auto","background-attachment":"scroll","background-type":"","background-media":"","overlay-type":"","overlay-color":"","overlay-opacity":"","overlay-gradient":""},"mobile":{"background-color":"","background-image":"","background-repeat":"repeat","background-position":"center center","background-size":"auto","background-attachment":"scroll","background-type":"","background-media":"","overlay-type":"","overlay-color":"","overlay-opacity":"","overlay-gradient":""}},"ast-content-background-meta":{"desktop":{"background-color":"var(--ast-global-color-5)","background-image":"","background-repeat":"repeat","background-position":"center center","background-size":"auto","background-attachment":"scroll","background-type":"","background-media":"","overlay-type":"","overlay-color":"","overlay-opacity":"","overlay-gradient":""},"tablet":{"background-color":"var(--ast-global-color-5)","background-image":"","background-repeat":"repeat","background-position":"center center","background-size":"auto","background-attachment":"scroll","background-type":"","background-media":"","overlay-type":"","overlay-color":"","overlay-opacity":"","overlay-gradient":""},"mobile":{"background-color":"var(--ast-global-color-5)","background-image":"","background-repeat":"repeat","background-position":"center center","background-size":"auto","background-attachment":"scroll","background-type":"","background-media":"","overlay-type":"","overlay-color":"","overlay-opacity":"","overlay-gradient":""}},"footnotes":""},"class_list":["post-13222","page","type-page","status-publish","hentry"],"acf":[],"yoast_head":"<!-- This site is optimized with the Yoast SEO plugin v25.2 - https:\/\/yoast.com\/wordpress\/plugins\/seo\/ -->\n<title>Participez | Mygrin Garden<\/title>\n<meta name=\"robots\" content=\"index, follow, max-snippet:-1, max-image-preview:large, max-video-preview:-1\" \/>\n<link rel=\"canonical\" href=\"https:\/\/mygrin-garden.com\/fr\/participez\/\" \/>\n<meta property=\"og:locale\" content=\"fr_FR\" \/>\n<meta property=\"og:type\" content=\"article\" \/>\n<meta property=\"og:title\" content=\"Participez | Mygrin Garden\" \/>\n<meta property=\"og:description\" content=\"POUR PARTICIPER, REMPLISSEZ LE FORMULAIRE CI-DESSOUS Pr\u00e9nom* Nom* E-mail* T\u00e9l\u00e9phone O\u00d9 SE TROUVE VOTRE JARDIN? D\u00e9partement* Ville* Rue* Code postal* EN UTILISANT GRIN Taille du jardin* Mod\u00e8le GRIN utilis\u00e9* &#8212;BM37 82VBM46-82VBM46A-82VEM37HM37HM46HM46 INSTARTHM46AHM46A INSTARTHM53AHM53A INSTARTPM46PM46 PRO INSTARTPM53PM53 PRO INSTARTSPM53 Mon avis sur GRIN: * 12345 J&rsquo;aime GRIN parce que* T\u00c9L\u00c9CHARGER ENTRE 3 ET 6 PHOTOS en [&hellip;]\" \/>\n<meta property=\"og:url\" content=\"https:\/\/mygrin-garden.com\/fr\/participez\/\" \/>\n<meta property=\"og:site_name\" content=\"Mygrin Garden\" \/>\n<meta property=\"article:modified_time\" content=\"2022-03-18T15:53:59+00:00\" \/>\n<meta property=\"og:image\" content=\"https:\/\/mygrin-garden.com\/wp-content\/uploads\/2020\/01\/rasaerba-grin.jpg\" \/>\n\t<meta property=\"og:image:width\" content=\"1920\" \/>\n\t<meta property=\"og:image:height\" content=\"777\" \/>\n\t<meta property=\"og:image:type\" content=\"image\/jpeg\" \/>\n<meta name=\"twitter:card\" content=\"summary_large_image\" \/>\n<meta name=\"twitter:label1\" content=\"Dur\u00e9e de lecture estim\u00e9e\" \/>\n\t<meta name=\"twitter:data1\" content=\"1 minute\" \/>\n<script type=\"application\/ld+json\" class=\"yoast-schema-graph\">{\"@context\":\"https:\/\/schema.org\",\"@graph\":[{\"@type\":\"WebPage\",\"@id\":\"https:\/\/mygrin-garden.com\/fr\/participez\/\",\"url\":\"https:\/\/mygrin-garden.com\/fr\/participez\/\",\"name\":\"Participez | Mygrin Garden\",\"isPartOf\":{\"@id\":\"https:\/\/mygrin-garden.com\/#website\"},\"datePublished\":\"2022-03-18T15:47:33+00:00\",\"dateModified\":\"2022-03-18T15:53:59+00:00\",\"breadcrumb\":{\"@id\":\"https:\/\/mygrin-garden.com\/fr\/participez\/#breadcrumb\"},\"inLanguage\":\"fr-FR\",\"potentialAction\":[{\"@type\":\"ReadAction\",\"target\":[\"https:\/\/mygrin-garden.com\/fr\/participez\/\"]}]},{\"@type\":\"BreadcrumbList\",\"@id\":\"https:\/\/mygrin-garden.com\/fr\/participez\/#breadcrumb\",\"itemListElement\":[{\"@type\":\"ListItem\",\"position\":1,\"name\":\"Home\",\"item\":\"https:\/\/mygrin-garden.com\/fr\/\"},{\"@type\":\"ListItem\",\"position\":2,\"name\":\"Participez\"}]},{\"@type\":\"WebSite\",\"@id\":\"https:\/\/mygrin-garden.com\/#website\",\"url\":\"https:\/\/mygrin-garden.com\/\",\"name\":\"Mygrin Garden\",\"description\":\"Tagliaerba da giardino e attrezzature da giardinaggio\",\"publisher\":{\"@id\":\"https:\/\/mygrin-garden.com\/#organization\"},\"potentialAction\":[{\"@type\":\"SearchAction\",\"target\":{\"@type\":\"EntryPoint\",\"urlTemplate\":\"https:\/\/mygrin-garden.com\/?s={search_term_string}\"},\"query-input\":{\"@type\":\"PropertyValueSpecification\",\"valueRequired\":true,\"valueName\":\"search_term_string\"}}],\"inLanguage\":\"fr-FR\"},{\"@type\":\"Organization\",\"@id\":\"https:\/\/mygrin-garden.com\/#organization\",\"name\":\"My Grin Garden\",\"url\":\"https:\/\/mygrin-garden.com\/\",\"logo\":{\"@type\":\"ImageObject\",\"inLanguage\":\"fr-FR\",\"@id\":\"https:\/\/mygrin-garden.com\/#\/schema\/logo\/image\/\",\"url\":\"https:\/\/mygrin-garden.com\/wp-content\/uploads\/2020\/01\/Risorsa-19@2x.png\",\"contentUrl\":\"https:\/\/mygrin-garden.com\/wp-content\/uploads\/2020\/01\/Risorsa-19@2x.png\",\"width\":568,\"height\":170,\"caption\":\"My Grin Garden\"},\"image\":{\"@id\":\"https:\/\/mygrin-garden.com\/#\/schema\/logo\/image\/\"}}]}<\/script>\n<!-- \/ Yoast SEO plugin. -->","yoast_head_json":{"title":"Participez | Mygrin Garden","robots":{"index":"index","follow":"follow","max-snippet":"max-snippet:-1","max-image-preview":"max-image-preview:large","max-video-preview":"max-video-preview:-1"},"canonical":"https:\/\/mygrin-garden.com\/fr\/participez\/","og_locale":"fr_FR","og_type":"article","og_title":"Participez | Mygrin Garden","og_description":"POUR PARTICIPER, REMPLISSEZ LE FORMULAIRE CI-DESSOUS Pr\u00e9nom* Nom* E-mail* T\u00e9l\u00e9phone O\u00d9 SE TROUVE VOTRE JARDIN? D\u00e9partement* Ville* Rue* Code postal* EN UTILISANT GRIN Taille du jardin* Mod\u00e8le GRIN utilis\u00e9* &#8212;BM37 82VBM46-82VBM46A-82VEM37HM37HM46HM46 INSTARTHM46AHM46A INSTARTHM53AHM53A INSTARTPM46PM46 PRO INSTARTPM53PM53 PRO INSTARTSPM53 Mon avis sur GRIN: * 12345 J&rsquo;aime GRIN parce que* T\u00c9L\u00c9CHARGER ENTRE 3 ET 6 PHOTOS en [&hellip;]","og_url":"https:\/\/mygrin-garden.com\/fr\/participez\/","og_site_name":"Mygrin Garden","article_modified_time":"2022-03-18T15:53:59+00:00","og_image":[{"width":1920,"height":777,"url":"https:\/\/mygrin-garden.com\/wp-content\/uploads\/2020\/01\/rasaerba-grin.jpg","type":"image\/jpeg"}],"twitter_card":"summary_large_image","twitter_misc":{"Dur\u00e9e de lecture estim\u00e9e":"1 minute"},"schema":{"@context":"https:\/\/schema.org","@graph":[{"@type":"WebPage","@id":"https:\/\/mygrin-garden.com\/fr\/participez\/","url":"https:\/\/mygrin-garden.com\/fr\/participez\/","name":"Participez | Mygrin Garden","isPartOf":{"@id":"https:\/\/mygrin-garden.com\/#website"},"datePublished":"2022-03-18T15:47:33+00:00","dateModified":"2022-03-18T15:53:59+00:00","breadcrumb":{"@id":"https:\/\/mygrin-garden.com\/fr\/participez\/#breadcrumb"},"inLanguage":"fr-FR","potentialAction":[{"@type":"ReadAction","target":["https:\/\/mygrin-garden.com\/fr\/participez\/"]}]},{"@type":"BreadcrumbList","@id":"https:\/\/mygrin-garden.com\/fr\/participez\/#breadcrumb","itemListElement":[{"@type":"ListItem","position":1,"name":"Home","item":"https:\/\/mygrin-garden.com\/fr\/"},{"@type":"ListItem","position":2,"name":"Participez"}]},{"@type":"WebSite","@id":"https:\/\/mygrin-garden.com\/#website","url":"https:\/\/mygrin-garden.com\/","name":"Mygrin Garden","description":"Tagliaerba da giardino e attrezzature da giardinaggio","publisher":{"@id":"https:\/\/mygrin-garden.com\/#organization"},"potentialAction":[{"@type":"SearchAction","target":{"@type":"EntryPoint","urlTemplate":"https:\/\/mygrin-garden.com\/?s={search_term_string}"},"query-input":{"@type":"PropertyValueSpecification","valueRequired":true,"valueName":"search_term_string"}}],"inLanguage":"fr-FR"},{"@type":"Organization","@id":"https:\/\/mygrin-garden.com\/#organization","name":"My Grin Garden","url":"https:\/\/mygrin-garden.com\/","logo":{"@type":"ImageObject","inLanguage":"fr-FR","@id":"https:\/\/mygrin-garden.com\/#\/schema\/logo\/image\/","url":"https:\/\/mygrin-garden.com\/wp-content\/uploads\/2020\/01\/Risorsa-19@2x.png","contentUrl":"https:\/\/mygrin-garden.com\/wp-content\/uploads\/2020\/01\/Risorsa-19@2x.png","width":568,"height":170,"caption":"My Grin Garden"},"image":{"@id":"https:\/\/mygrin-garden.com\/#\/schema\/logo\/image\/"}}]}},"_links":{"self":[{"href":"https:\/\/mygrin-garden.com\/fr\/wp-json\/wp\/v2\/pages\/13222","targetHints":{"allow":["GET"]}}],"collection":[{"href":"https:\/\/mygrin-garden.com\/fr\/wp-json\/wp\/v2\/pages"}],"about":[{"href":"https:\/\/mygrin-garden.com\/fr\/wp-json\/wp\/v2\/types\/page"}],"author":[{"embeddable":true,"href":"https:\/\/mygrin-garden.com\/fr\/wp-json\/wp\/v2\/users\/1"}],"replies":[{"embeddable":true,"href":"https:\/\/mygrin-garden.com\/fr\/wp-json\/wp\/v2\/comments?post=13222"}],"version-history":[{"count":0,"href":"https:\/\/mygrin-garden.com\/fr\/wp-json\/wp\/v2\/pages\/13222\/revisions"}],"wp:attachment":[{"href":"https:\/\/mygrin-garden.com\/fr\/wp-json\/wp\/v2\/media?parent=13222"}],"curies":[{"name":"wp","href":"https:\/\/api.w.org\/{rel}","templated":true}]}}